{"id":100,"date":"2021-10-24T13:46:04","date_gmt":"2021-10-24T13:46:04","guid":{"rendered":"https:\/\/oceanwp.org\/store\/product\/armor-twist\/"},"modified":"2025-03-18T18:07:12","modified_gmt":"2025-03-18T18:07:12","slug":"lector-codigo-de-barra-laser-usb","status":"publish","type":"product","link":"https:\/\/tienda.kisyntaxis.cl\/index.php\/product\/lector-codigo-de-barra-laser-usb\/","title":{"rendered":"Lector C\u00f3digo De Barra Laser Usb"},"content":{"rendered":"","protected":false},"excerpt":{"rendered":"<p>Tipo de escaner: bi-direccional<br \/>\n\u00c1ngulo de esc\u00e1neado: de inclinaci\u00f3n: 45\u00ba, elevaci\u00f3n 60\u00ba.<br \/>\nFuente de luz: 650nm laser.<br \/>\nvelocidad\/frecuencia de escan\u00e9o &#8211; 260 veces por segundo.<br \/>\nSalida de luz (l\u00e1ser): menos de 0.5 MW.<br \/>\nDistancia de lectura: 30cm<br \/>\nCPU: ARM 32-bit cortex<br \/>\nCapaz de leer: UPC\/EAN,UPC\/128,Code 128,Code 39,Code 39 full ASCII, Code 93,Codabar,ISBN,ISSN,Code II etc.<br \/>\nOperaci\u00f3n &#8211; Rango de temperatura: 0\u00bf-50\u00bf \/ 32oF to 122oF.<br \/>\nAlmacenaje &#8211; Rango de temperatura: -40\u00bf-70\u00bf \/ -40oF to 158oF.<br \/>\nNiveles de humedad: entre 5% y 95% (donde no se condensa).<br \/>\nVida del laser: 12000 horas<\/p>\n","protected":false},"featured_media":1711,"comment_status":"closed","ping_status":"closed","template":"","meta":[],"product_cat":[15,62,71],"product_tag":[],"class_list":["post-100","product","type-product","status-publish","has-post-thumbnail","hentry","product_cat-uncategorized","product_cat-lector-de-codigos","product_cat-punto-de-venta"],"_links":{"self":[{"href":"https:\/\/tienda.kisyntaxis.cl\/index.php\/wp-json\/wp\/v2\/product\/100","targetHints":{"allow":["GET"]}}],"collection":[{"href":"https:\/\/tienda.kisyntaxis.cl\/index.php\/wp-json\/wp\/v2\/product"}],"about":[{"href":"https:\/\/tienda.kisyntaxis.cl\/index.php\/wp-json\/wp\/v2\/types\/product"}],"replies":[{"embeddable":true,"href":"https:\/\/tienda.kisyntaxis.cl\/index.php\/wp-json\/wp\/v2\/comments?post=100"}],"wp:featuredmedia":[{"embeddable":true,"href":"https:\/\/tienda.kisyntaxis.cl\/index.php\/wp-json\/wp\/v2\/media\/1711"}],"wp:attachment":[{"href":"https:\/\/tienda.kisyntaxis.cl\/index.php\/wp-json\/wp\/v2\/media?parent=100"}],"wp:term":[{"taxonomy":"product_cat","embeddable":true,"href":"https:\/\/tienda.kisyntaxis.cl\/index.php\/wp-json\/wp\/v2\/product_cat?post=100"},{"taxonomy":"product_tag","embeddable":true,"href":"https:\/\/tienda.kisyntaxis.cl\/index.php\/wp-json\/wp\/v2\/product_tag?post=100"}],"curies":[{"name":"wp","href":"https:\/\/api.w.org\/{rel}","templated":true}]}}