{"id":1373,"date":"2021-10-26T19:50:12","date_gmt":"2021-10-26T19:50:12","guid":{"rendered":"https:\/\/tienda.kisyntaxis.cl\/?post_type=product&#038;p=1373"},"modified":"2022-09-06T20:47:26","modified_gmt":"2022-09-06T20:47:26","slug":"pack-full-pos-monocaja","status":"publish","type":"product","link":"https:\/\/tienda.kisyntaxis.cl\/index.php\/product\/pack-full-pos-monocaja\/","title":{"rendered":"Pack Full Pos Monocaja 58mm"},"content":{"rendered":"","protected":false},"excerpt":{"rendered":"<p>Sistema ideado para botiller\u00eda, Verduler\u00eda, Carnicer\u00eda, rotiser\u00eda, panader\u00eda, minimarket, ferreter\u00eda, farmacias, venta de art\u00edculos, Pet shop, etc.<\/p>\n<p>\u2705 Control de ventas.<br \/>\n\u2705 Administraci\u00f3n de productos.<br \/>\n\u2705 Control de inventarios.<br \/>\n\u2705 Reportes de ventas.<br \/>\n\u2705 Ingresos de caja.<br \/>\n\u2705 Salidas de caja.<br \/>\n\u2705 Cierres de caja.<br \/>\n\u2705 Reportabilidad en general.<\/p>\n<p>Pack incluye:<br \/>\n\u2714\ufe0f 1 lector de co\u0301digos de barras.<br \/>\n\u2714\ufe0f 1 gaveta electro\u0301nica.<br \/>\n\u2714\ufe0f 1 impresora te\u0301rmica 58mm.<br \/>\n\u2714\ufe0f Sistema licencia monocaja de por vida + Induccio\u0301n + implementacio\u0301n.<br \/>\n\u2714\ufe0f PC All in One Reacondicionado.<\/p>\n<p>*No enlazada a sistema SII*<\/p>\n","protected":false},"featured_media":1374,"comment_status":"open","ping_status":"closed","template":"","meta":[],"product_cat":[71],"product_tag":[],"class_list":["post-1373","product","type-product","status-publish","has-post-thumbnail","hentry","product_cat-punto-de-venta"],"_links":{"self":[{"href":"https:\/\/tienda.kisyntaxis.cl\/index.php\/wp-json\/wp\/v2\/product\/1373","targetHints":{"allow":["GET"]}}],"collection":[{"href":"https:\/\/tienda.kisyntaxis.cl\/index.php\/wp-json\/wp\/v2\/product"}],"about":[{"href":"https:\/\/tienda.kisyntaxis.cl\/index.php\/wp-json\/wp\/v2\/types\/product"}],"replies":[{"embeddable":true,"href":"https:\/\/tienda.kisyntaxis.cl\/index.php\/wp-json\/wp\/v2\/comments?post=1373"}],"wp:featuredmedia":[{"embeddable":true,"href":"https:\/\/tienda.kisyntaxis.cl\/index.php\/wp-json\/wp\/v2\/media\/1374"}],"wp:attachment":[{"href":"https:\/\/tienda.kisyntaxis.cl\/index.php\/wp-json\/wp\/v2\/media?parent=1373"}],"wp:term":[{"taxonomy":"product_cat","embeddable":true,"href":"https:\/\/tienda.kisyntaxis.cl\/index.php\/wp-json\/wp\/v2\/product_cat?post=1373"},{"taxonomy":"product_tag","embeddable":true,"href":"https:\/\/tienda.kisyntaxis.cl\/index.php\/wp-json\/wp\/v2\/product_tag?post=1373"}],"curies":[{"name":"wp","href":"https:\/\/api.w.org\/{rel}","templated":true}]}}