{"id":1536,"date":"2021-12-14T20:01:15","date_gmt":"2021-12-14T20:01:15","guid":{"rendered":"https:\/\/tienda.kisyntaxis.cl\/?post_type=product&#038;p=1536"},"modified":"2021-12-14T20:01:15","modified_gmt":"2021-12-14T20:01:15","slug":"mouse-inalambrico-blanco","status":"publish","type":"product","link":"https:\/\/tienda.kisyntaxis.cl\/index.php\/product\/mouse-inalambrico-blanco\/","title":{"rendered":"MOUSE INAL\u00c1MBRICO BLANCO"},"content":{"rendered":"","protected":false},"excerpt":{"rendered":"<p>Utiliza pilas AAA (no incluidas).<br \/>\nColor blanco<br \/>\nSlim<br \/>\nPr\u00e1ctico c\u00f3modo y f\u00e1cil de trasladar.<\/p>\n","protected":false},"featured_media":1537,"comment_status":"open","ping_status":"closed","template":"","meta":[],"product_cat":[80,79],"product_tag":[],"class_list":["post-1536","product","type-product","status-publish","has-post-thumbnail","hentry","product_cat-mouse","product_cat-perifericos"],"_links":{"self":[{"href":"https:\/\/tienda.kisyntaxis.cl\/index.php\/wp-json\/wp\/v2\/product\/1536","targetHints":{"allow":["GET"]}}],"collection":[{"href":"https:\/\/tienda.kisyntaxis.cl\/index.php\/wp-json\/wp\/v2\/product"}],"about":[{"href":"https:\/\/tienda.kisyntaxis.cl\/index.php\/wp-json\/wp\/v2\/types\/product"}],"replies":[{"embeddable":true,"href":"https:\/\/tienda.kisyntaxis.cl\/index.php\/wp-json\/wp\/v2\/comments?post=1536"}],"wp:featuredmedia":[{"embeddable":true,"href":"https:\/\/tienda.kisyntaxis.cl\/index.php\/wp-json\/wp\/v2\/media\/1537"}],"wp:attachment":[{"href":"https:\/\/tienda.kisyntaxis.cl\/index.php\/wp-json\/wp\/v2\/media?parent=1536"}],"wp:term":[{"taxonomy":"product_cat","embeddable":true,"href":"https:\/\/tienda.kisyntaxis.cl\/index.php\/wp-json\/wp\/v2\/product_cat?post=1536"},{"taxonomy":"product_tag","embeddable":true,"href":"https:\/\/tienda.kisyntaxis.cl\/index.php\/wp-json\/wp\/v2\/product_tag?post=1536"}],"curies":[{"name":"wp","href":"https:\/\/api.w.org\/{rel}","templated":true}]}}