{"id":1540,"date":"2021-12-14T20:13:31","date_gmt":"2021-12-14T20:13:31","guid":{"rendered":"https:\/\/tienda.kisyntaxis.cl\/?post_type=product&#038;p=1540"},"modified":"2023-11-18T16:01:50","modified_gmt":"2023-11-18T16:01:50","slug":"kit-gamer-tgb-havit","status":"publish","type":"product","link":"https:\/\/tienda.kisyntaxis.cl\/index.php\/product\/kit-gamer-tgb-havit\/","title":{"rendered":"KIT GAMER 4 EN 1 RGB Havit"},"content":{"rendered":"","protected":false},"excerpt":{"rendered":"<p>La retroiluminaci\u00f3n del teclado con cable es de 3 colores LED, podr\u00eda cambiarse el color presionando la tecla Fn+SL<br \/>\nRetroiluminado: 3 colores rojo, morado, azul<\/p>\n<p>Hay dos modos de modo de respiraci\u00f3n cambiable y modo de iluminaci\u00f3n permanente. Cada modo tiene 3 colores (combinaci\u00f3n) de arco iris led retroiluminado.<\/p>\n<p>Pulse Fn + Scroll Lock para activar el modo de iluminaci\u00f3n permanente como desee.Pulse Fn + Pausa Break para activar el modo de respiraci\u00f3n como desee.Pulse Fn + Prt SysRq cambiar\u00e1 autom\u00e1ticamente los colores del modo de respiraci\u00f3n.<\/p>\n<p>\u00bfC\u00f3mo ajustar el brillo de 3 grados de los modos de noche de arco iris? (Luz alta, luz media, luz baja). El brillo se puede ajustar solo en el modo de iluminaci\u00f3n permanente.<\/p>\n","protected":false},"featured_media":1541,"comment_status":"open","ping_status":"closed","template":"","meta":[],"product_cat":[81,82],"product_tag":[],"class_list":["post-1540","product","type-product","status-publish","has-post-thumbnail","hentry","product_cat-gamer","product_cat-kit-gamer"],"_links":{"self":[{"href":"https:\/\/tienda.kisyntaxis.cl\/index.php\/wp-json\/wp\/v2\/product\/1540","targetHints":{"allow":["GET"]}}],"collection":[{"href":"https:\/\/tienda.kisyntaxis.cl\/index.php\/wp-json\/wp\/v2\/product"}],"about":[{"href":"https:\/\/tienda.kisyntaxis.cl\/index.php\/wp-json\/wp\/v2\/types\/product"}],"replies":[{"embeddable":true,"href":"https:\/\/tienda.kisyntaxis.cl\/index.php\/wp-json\/wp\/v2\/comments?post=1540"}],"wp:featuredmedia":[{"embeddable":true,"href":"https:\/\/tienda.kisyntaxis.cl\/index.php\/wp-json\/wp\/v2\/media\/1541"}],"wp:attachment":[{"href":"https:\/\/tienda.kisyntaxis.cl\/index.php\/wp-json\/wp\/v2\/media?parent=1540"}],"wp:term":[{"taxonomy":"product_cat","embeddable":true,"href":"https:\/\/tienda.kisyntaxis.cl\/index.php\/wp-json\/wp\/v2\/product_cat?post=1540"},{"taxonomy":"product_tag","embeddable":true,"href":"https:\/\/tienda.kisyntaxis.cl\/index.php\/wp-json\/wp\/v2\/product_tag?post=1540"}],"curies":[{"name":"wp","href":"https:\/\/api.w.org\/{rel}","templated":true}]}}