{"id":1576,"date":"2022-01-06T14:12:15","date_gmt":"2022-01-06T14:12:15","guid":{"rendered":"https:\/\/tienda.kisyntaxis.cl\/?post_type=product&#038;p=1576"},"modified":"2022-01-06T14:14:15","modified_gmt":"2022-01-06T14:14:15","slug":"mini-impresora-termica-portatil-gatita-bluetooth-200dpi","status":"publish","type":"product","link":"https:\/\/tienda.kisyntaxis.cl\/index.php\/product\/mini-impresora-termica-portatil-gatita-bluetooth-200dpi\/","title":{"rendered":"Mini Impresora T\u00e9rmica Port\u00e1til Gatita Bluetooth 200dpi"},"content":{"rendered":"<p>Tipo de impresora: Multifunci\u00f3n Tipo de impresi\u00f3n: Monocrom\u00e1tica Con WI-Fi : No Tecnolog\u00eda de impresi\u00f3n: T\u00e9rmica Funciones de la impresora: conveniente y econ\u00f3mica.,trabajo de bajo ruido,impresi\u00f3n clara y rendimiento estable,puede imprimir fotos,etiquetas,mensajes,listas,registros,c\u00f3digos QR,impresi\u00f3n de p\u00e1ginas web,etc.,Tama\u00f1o ligero y compacto,f\u00e1cil de transportar.<br \/>\nCaracter\u00edsticas generales<br \/>\nMarca:Generic Modelo:Bluetooth Port\u00e1til Voltaje:5V<\/p>\n<p>Conectividad<br \/>\nCon Wi-Fi:No Con puerto USB:S\u00ed Con Bluetooth:S\u00ed<\/p>\n","protected":false},"excerpt":{"rendered":"<p>Especificaciones<br \/>\nEs port\u00e1til:S\u00ed<br \/>\nDescripci\u00f3n<br \/>\ncaracter\u00edstica:<br \/>\nTecnolog\u00eda de impresi\u00f3n t\u00e9rmica avanzada, sin cartuchos de tinta, conveniente y econ\u00f3mica.<br \/>\nBater\u00eda recargable incorporada de 1000 mAh, trabajo de bajo ruido, la impresora t\u00e9rmica no necesita cartuchos de tinta cuando se usa, bajo costo operativo.<br \/>\nCabezal de impresi\u00f3n de alta resoluci\u00f3n de 200 ppp, impresi\u00f3n clara y rendimiento estable.<br \/>\nAdmite m\u00faltiples funciones, puede imprimir fotos, etiquetas, mensajes, listas, registros, c\u00f3digos QR, impresi\u00f3n de p\u00e1ginas web, etc. La aplicaci\u00f3n proporciona varias fuentes y temas para hacer que sus fotos sean m\u00e1s elegantes.<br \/>\nRegistra tu vida, imprime el paisaje que ves, registra sus dulces palabras, recopila tus errores, ejercicios interesantes y pr\u00e1cticos.<br \/>\nTama\u00f1o ligero y compacto, f\u00e1cil de transportar.<\/p>\n","protected":false},"featured_media":1577,"comment_status":"open","ping_status":"closed","template":"","meta":[],"product_cat":[15,75,59],"product_tag":[],"class_list":["post-1576","product","type-product","status-publish","has-post-thumbnail","hentry","product_cat-uncategorized","product_cat-impresoras","product_cat-impresoras-bluetooth"],"_links":{"self":[{"href":"https:\/\/tienda.kisyntaxis.cl\/index.php\/wp-json\/wp\/v2\/product\/1576","targetHints":{"allow":["GET"]}}],"collection":[{"href":"https:\/\/tienda.kisyntaxis.cl\/index.php\/wp-json\/wp\/v2\/product"}],"about":[{"href":"https:\/\/tienda.kisyntaxis.cl\/index.php\/wp-json\/wp\/v2\/types\/product"}],"replies":[{"embeddable":true,"href":"https:\/\/tienda.kisyntaxis.cl\/index.php\/wp-json\/wp\/v2\/comments?post=1576"}],"wp:featuredmedia":[{"embeddable":true,"href":"https:\/\/tienda.kisyntaxis.cl\/index.php\/wp-json\/wp\/v2\/media\/1577"}],"wp:attachment":[{"href":"https:\/\/tienda.kisyntaxis.cl\/index.php\/wp-json\/wp\/v2\/media?parent=1576"}],"wp:term":[{"taxonomy":"product_cat","embeddable":true,"href":"https:\/\/tienda.kisyntaxis.cl\/index.php\/wp-json\/wp\/v2\/product_cat?post=1576"},{"taxonomy":"product_tag","embeddable":true,"href":"https:\/\/tienda.kisyntaxis.cl\/index.php\/wp-json\/wp\/v2\/product_tag?post=1576"}],"curies":[{"name":"wp","href":"https:\/\/api.w.org\/{rel}","templated":true}]}}