{"id":1705,"date":"2022-07-19T14:24:51","date_gmt":"2022-07-19T14:24:51","guid":{"rendered":"https:\/\/tienda.kisyntaxis.cl\/?post_type=product&#038;p=1705"},"modified":"2023-01-09T19:00:53","modified_gmt":"2023-01-09T19:00:53","slug":"smart-camara-ip-wifi-alarma-exterior","status":"publish","type":"product","link":"https:\/\/tienda.kisyntaxis.cl\/index.php\/product\/smart-camara-ip-wifi-alarma-exterior\/","title":{"rendered":"Smart Camara IP Wifi Alarma Exterior"},"content":{"rendered":"<p>Usa la aplicaci\u00f3n yoosee, puede encontrar un v\u00eddeo tutorial de la instalaci\u00f3n al final de las im\u00e1genes publicadas.<br \/>\nDescripci\u00f3n<br \/>\nNO SON COMPATIBLES CON RED WI-FI 5G.<br \/>\ncaracteristicas:<br \/>\n1. Domo de velocidad media para exteriores: c\u00e1mara impermeable para exteriores \/ interiores;<br \/>\nIP66 a prueba de agua; La funci\u00f3n PTZ proporciona una vista completa; Traducci\u00f3n 350c; Inclinaci\u00f3n de 90c; la velocidad de movimiento solo est\u00e1 en el medio; m\u00e1s f\u00e1cil de controlar la sesi\u00f3n de la c\u00e1mara m\u00f3vil en la aplicaci\u00f3n m\u00f3vil. Al igual que otras c\u00e1maras inal\u00e1mbricas de interior.<br \/>\n2. Configuraci\u00f3n WiFi sencilla: con una conexi\u00f3n WiFi simple (solo 2,4 GHz), puede transferir todos sus videos desde la aplicaci\u00f3n de su tel\u00e9fono inteligente o tableta (disponible en iOS y Android) para verlos de forma remota cuando est\u00e9 fuera de casa.<br \/>\n3. Visi\u00f3n nocturna a larga distancia: traslaci\u00f3n remota o inclinaci\u00f3n (horizontal: 350 \u00b0, vertical: 90 \u00b0), visi\u00f3n nocturna por LED infrarrojo de hasta aproximadamente 15 metros \/ 590.55in. Admite hasta 5 visitantes en l\u00ednea. El video tomado en la noche tambi\u00e9n est\u00e1 coloreado.<br \/>\n4. Funciones potentes: c\u00e1mara PTZ con audio y acceso remoto gratuito; Inicio CCTV monitoreo c\u00e1mara de seguridad IP; micr\u00f3fono incorporado; traerte la funci\u00f3n de intercomunicador bidireccional en tiempo real; Presta atenci\u00f3n a tu casa en cualquier momento en cualquier lugar. En la visualizaci\u00f3n en vivo y reproducci\u00f3n de video, mant\u00e9ngase siempre en contacto y reciba notificaciones oportunas por correo electr\u00f3nico, o env\u00edelas directamente a su aplicaci\u00f3n cuando se detecte movimiento.<br \/>\n5. Alarma de detecci\u00f3n de acci\u00f3n: detecta la acci\u00f3n en tiempo real y<br \/>\nle env\u00eda un mensaje de alarma basado en su configuraci\u00f3n anterior.<br \/>\n(Notificaciones push a aplicaciones m\u00f3viles o enviar correos electr\u00f3nicos con fotos o subir fotos \/ videos a un servidor FTP), tambi\u00e9n es compatible con la grabaci\u00f3n de videos de alarma en una tarjeta micro SD local (64G m\u00e1x.) (No incluida)<\/p>\n","protected":false},"excerpt":{"rendered":"<p>Lista de empaque:<br \/>\nC\u00e1mara web * 1<br \/>\nInstrucci\u00f3n * 1<br \/>\nAdaptador de corriente * 1<\/p>\n","protected":false},"featured_media":1706,"comment_status":"open","ping_status":"closed","template":"","meta":[],"product_cat":[72,73],"product_tag":[],"class_list":["post-1705","product","type-product","status-publish","has-post-thumbnail","hentry","product_cat-camaras","product_cat-camaras-ip"],"_links":{"self":[{"href":"https:\/\/tienda.kisyntaxis.cl\/index.php\/wp-json\/wp\/v2\/product\/1705","targetHints":{"allow":["GET"]}}],"collection":[{"href":"https:\/\/tienda.kisyntaxis.cl\/index.php\/wp-json\/wp\/v2\/product"}],"about":[{"href":"https:\/\/tienda.kisyntaxis.cl\/index.php\/wp-json\/wp\/v2\/types\/product"}],"replies":[{"embeddable":true,"href":"https:\/\/tienda.kisyntaxis.cl\/index.php\/wp-json\/wp\/v2\/comments?post=1705"}],"wp:featuredmedia":[{"embeddable":true,"href":"https:\/\/tienda.kisyntaxis.cl\/index.php\/wp-json\/wp\/v2\/media\/1706"}],"wp:attachment":[{"href":"https:\/\/tienda.kisyntaxis.cl\/index.php\/wp-json\/wp\/v2\/media?parent=1705"}],"wp:term":[{"taxonomy":"product_cat","embeddable":true,"href":"https:\/\/tienda.kisyntaxis.cl\/index.php\/wp-json\/wp\/v2\/product_cat?post=1705"},{"taxonomy":"product_tag","embeddable":true,"href":"https:\/\/tienda.kisyntaxis.cl\/index.php\/wp-json\/wp\/v2\/product_tag?post=1705"}],"curies":[{"name":"wp","href":"https:\/\/api.w.org\/{rel}","templated":true}]}}